{"id":6763,"date":"2023-05-05T08:51:49","date_gmt":"2023-05-05T08:51:49","guid":{"rendered":"https:\/\/welovecities.org\/privacy-policy\/"},"modified":"2024-10-01T11:47:40","modified_gmt":"2024-10-01T11:47:40","slug":"privacy-policy","status":"publish","type":"page","link":"https:\/\/welovecities.org\/tr\/privacy-policy\/","title":{"rendered":"Privacy Policy"},"content":{"rendered":"\n<div class=\"wp-block-group section-padding width700 is-layout-constrained wp-container-core-group-is-layout-92ef7b19 wp-block-group-is-layout-constrained\">\n<h1 class=\"wp-block-heading\">WWF \u0130sve\u00e7\u2019in GDPR\u2019a g\u00f6re gizlilik bildirimi<\/h1>\n\n\n\n<div style=\"margin-top:0;margin-bottom:0;height:5vh\" aria-hidden=\"true\" class=\"wp-block-spacer\"><\/div>\n\n\n\n<h2 class=\"wp-block-heading\">Genel<\/h2>\n\n\n\n<p>V\u00e4rldsnaturfonden WWF &#8220;WWF \u0130sve\u00e7&#8221;, ki\u015fisel gizlili\u011finizi korur ve bir destek\u00e7i ve payda\u015f olarak WWF \u0130sve\u00e7&#8217;e ki\u015fisel bilgilerinizi verirken her zaman g\u00fcvende hissetmenizi ister. Hangi verileri toplad\u0131\u011f\u0131m\u0131z ve neden toplad\u0131\u011f\u0131m\u0131z konusunda \u015feffaf\u0131z. Bu gizlilik politikas\u0131, WWF \u0130sve\u00e7&#8217;in ki\u015fisel bilgilerinizi nas\u0131l toplad\u0131\u011f\u0131n\u0131 ve kulland\u0131\u011f\u0131n\u0131 a\u00e7\u0131klar. Ayr\u0131ca haklar\u0131n\u0131z\u0131 ve bu haklar\u0131 nas\u0131l kullanabilece\u011finizi tan\u0131mlar. WWF \u0130sve\u00e7 i\u00e7indeki t\u00fcm ki\u015fisel veri i\u015fleme faaliyetleri, ge\u00e7erli ki\u015fisel veri yasalar\u0131na uygun olarak ger\u00e7ekle\u015ftirilir. AB\/AEA&#8217;da, Genel Veri Koruma Y\u00f6netmeli\u011fi (GDPR) 25 May\u0131s 2018&#8217;den itibaren uygulanmaktad\u0131r.     <\/p>\n\n\n\n<h2 class=\"wp-block-heading\">Neden ki\u015fisel veri topluyoruz?<\/h2>\n\n\n\n<p>WWF \u0130sve\u00e7, sizinle \u00e7e\u015fitli kanallar \u00fczerinden etkili bir \u015fekilde ileti\u015fim kurabilmek ve iyi ve yak\u0131n bir ili\u015fki s\u00fcrd\u00fcrebilmek i\u00e7in ki\u015fisel verileri kaydeder. WWF \u0130sve\u00e7, sizinle \u00e7e\u015fitli kanallar arac\u0131l\u0131\u011f\u0131yla ileti\u015fim kurar: web siteleri, sosyal medya, b\u00fcltenler ve \u00fc\u00e7\u00fcnc\u00fc taraf kanal\u0131 Google Analytics. <\/p>\n\n\n\n<h2 class=\"wp-block-heading\">WWF \u0130sve\u00e7\u2019in toplad\u0131\u011f\u0131 ki\u015fisel veriler<\/h2>\n\n\n\n<p>Bize do\u011frudan veya dolayl\u0131 olarak \u00e7e\u015fitli yollarla kendiniz hakk\u0131nda bilgi verebilirsiniz, \u00f6rne\u011fin bir b\u00fcltene abone oldu\u011funuzda, web sitemizi ziyaret etti\u011finizde veya etkinlikler gibi giri\u015fimlerimize kat\u0131ld\u0131\u011f\u0131n\u0131zda.<\/p>\n\n\n\n<h2 class=\"wp-block-heading\">Toplad\u0131\u011f\u0131m\u0131z ki\u015fisel bilgiler \u015funlar\u0131 i\u00e7erebilir<\/h2>\n\n\n\n<p>Ki\u015fisel ve ileti\u015fim bilgileri \u2013 ad, e-posta adresi ve konum bilgileri.<\/p>\n\n\n\n<h2 class=\"wp-block-heading\">WWF \u0130sve\u00e7, ki\u015fisel verileri kaydederse:<\/h2>\n\n\n\n<ul class=\"wp-block-list\">\n<li>B\u00fcltenimize abone olursan\u0131z<\/li>\n\n\n\n<li>WWF \u0130sve\u00e7 taraf\u0131ndan d\u00fczenlenen etkinliklere ve giri\u015fimlere kaydolursan\u0131z<\/li>\n\n\n\n<li>E-posta, posta, web sitemiz veya sosyal medya arac\u0131l\u0131\u011f\u0131yla WWF \u0130sve\u00e7 ile ileti\u015fime ge\u00e7erseniz<\/li>\n\n\n\n<li>WWF \u0130sve\u00e7&#8217;e belirli taleplerle ba\u015fvurursan\u0131z ve bunu veritaban\u0131m\u0131za kaydeder veya e-postada saklarsak<\/li>\n\n\n\n<li>Web sitemizi ziyaret ederseniz, trafik verileri, konum verileri, web g\u00fcnl\u00fckleri ve di\u011fer ileti\u015fim verileri dahil olmak \u00fczere, kullan\u0131lan cihaz t\u00fcr\u00fc, taray\u0131c\u0131 t\u00fcr\u00fc ve i\u015fletim sistemi gibi veriler toplan\u0131r<\/li>\n\n\n\n<li>WWF \u0130sve\u00e7 ile ticari bir ili\u015fki ba\u015flatt\u0131ysan\u0131z, \u00f6rne\u011fin bir ihaleye kat\u0131ld\u0131ysan\u0131z<\/li>\n\n\n\n<li>Bizden bir e-postay\u0131 a\u00e7ar veya bir e-postadaki bir ba\u011flant\u0131ya t\u0131klarsan\u0131z, \u00f6rne\u011fin IP adresiniz<\/li>\n\n\n\n<li>Bir d\u0131\u015f kaynaktan adresinizi verdiyseniz ve bu bilgiye eri\u015fmi\u015fsek.<\/li>\n<\/ul>\n\n\n\n<h2 class=\"wp-block-heading\">Toplanan bilgileri nas\u0131l kullan\u0131yoruz?<\/h2>\n\n\n\n<p>WWF \u0130sve\u00e7, ki\u015fisel verileri esas olarak a\u015fa\u011f\u0131da belirtilen ama\u00e7lar do\u011frultusunda ve toplama s\u0131ras\u0131nda belirtilen ek ama\u00e7lar do\u011frultusunda i\u015fler:<\/p>\n\n\n\n<ul class=\"wp-block-list\">\n<li>\u00c7e\u015fitli kanallar arac\u0131l\u0131\u011f\u0131yla \u00e7al\u0131\u015fmam\u0131z hakk\u0131nda bilgilendirme yapmak i\u00e7in, \u00f6rne\u011fin e-posta g\u00f6nderimi<\/li>\n\n\n\n<li>S\u00f6zle\u015fmelerin saklanmas\u0131na ili\u015fkin yasal gereklilikleri kar\u015f\u0131lamak i\u00e7in<\/li>\n\n\n\n<li>Sistem y\u00f6netimi i\u00e7in ve iyi bir kay\u0131t bak\u0131m\u0131n\u0131 s\u00fcrd\u00fcrebilmek i\u00e7in<\/li>\n\n\n\n<li>\u0130statistiksel veriler \u00fcretmek i\u00e7in \u2013 bu, bireyleri tan\u0131mlamadan toplu d\u00fczeyde yap\u0131l\u0131r<\/li>\n\n\n\n<li>Dijital kanallar\u0131m\u0131zdaki kullan\u0131c\u0131 davran\u0131\u015f\u0131n\u0131z\u0131 analiz ederek, sundu\u011fumuz platformlarda ileti\u015fimimizi ve kullan\u0131c\u0131 deneyiminizi sunmak, geli\u015ftirmek ve iyile\u015ftirmek i\u00e7in<\/li>\n\n\n\n<li>Ko\u015ful ve politikalar\u0131m\u0131zdaki de\u011fi\u015fiklikler gibi \u00f6nemli bilgileri g\u00f6ndermek i\u00e7in<\/li>\n\n\n\n<li>Giri\u015fimlerimize ve a\u011flar\u0131m\u0131za olan ilgi ve kat\u0131l\u0131m\u0131 not etmek ve giri\u015fim hakk\u0131nda bilgi aktarmak i\u00e7in.<\/li>\n<\/ul>\n\n\n\n<h2 class=\"wp-block-heading\">Bilgilerinizi kimlerle payla\u015fabiliriz?<\/h2>\n\n\n\n<p>WWF \u0130sve\u00e7 ad\u0131na veri i\u015fleyen di\u011fer \u015firketlerle bilgileri payla\u015fabiliriz. Bu, hizmetlerimizi ger\u00e7ekle\u015ftirebilmemiz i\u00e7in yap\u0131l\u0131r; \u00f6rne\u011fin analiz, da\u011f\u0131t\u0131m veya di\u011fer bak\u0131m hizmetleri i\u00e7in ve kullan\u0131m ko\u015fullar\u0131m\u0131z\u0131 ve teslimat ko\u015fullar\u0131m\u0131z\u0131 uygulamak i\u00e7in. Bununla birlikte, ki\u015fisel verilerin i\u015flenmesinde her zaman y\u00fcksek g\u00fcvenlik ve gizlilik sa\u011flan\u0131r. Bilgileri payla\u015ft\u0131\u011f\u0131m\u0131z d\u0131\u015f taraflara \u00f6rnek olarak matbaalar ve ajanslar verilebilir. WWF \u0130sve\u00e7, ki\u015fisel verileri WWF \u0130sve\u00e7 ad\u0131na i\u015fleyen t\u00fcm tedarik\u00e7ilerle ge\u00e7erli veri i\u015fleme anla\u015fmalar\u0131na sahip olmay\u0131 taahh\u00fct eder.<br\/>Ki\u015fisel bilgiler ayr\u0131ca a\u015fa\u011f\u0131daki durumlarda a\u00e7\u0131klanabilir:    <\/p>\n\n\n\n<ul class=\"wp-block-list\">\n<li>Y\u00fcr\u00fcrl\u00fckteki yasa, y\u00f6netmelik, yasal s\u00fcre\u00e7 veya yetkili makam\u0131n talebiyle uyum sa\u011flamak i\u00e7in<\/li>\n\n\n\n<li>WWF \u0130sve\u00e7&#8217;in yasal \u00e7\u0131karlar\u0131n\u0131 korumak i\u00e7in<\/li>\n\n\n\n<li>Doland\u0131r\u0131c\u0131l\u0131\u011f\u0131, g\u00fcvenlik veya teknik sorunlar\u0131 tespit etmek ve \u00f6nlemek i\u00e7in.<\/li>\n<\/ul>\n\n\n\n<h2 class=\"wp-block-heading\">Bilgilerinizle ne yapmayaca\u011f\u0131z<\/h2>\n\n\n\n<p>WWF \u0130sve\u00e7, toplanan ki\u015fisel bilgileri satmaz, kiralamaz veya kiraya vermez.<\/p>\n\n\n\n<h2 class=\"wp-block-heading\">\u00c7erezler hakk\u0131nda<\/h2>\n\n\n\n<p>Web sitemizi kulland\u0131\u011f\u0131n\u0131zda, bilgisayar\u0131n\u0131za \u00e7erezler yerle\u015ftiririz. Bu, web sitemizi nas\u0131l kulland\u0131\u011f\u0131n\u0131za, hangi sayfalar\u0131 ziyaret etti\u011finize ve ba\u015fka bir web sitesinden t\u0131klay\u0131p t\u0131klamad\u0131\u011f\u0131n\u0131za dair bilgileri depolar. Bu, bir ziyaret\u00e7i olarak kullan\u0131c\u0131 deneyiminizi iyile\u015ftirmek ve di\u011fer web sitelerine y\u00f6nelik ileti\u015fimi hedeflemek i\u00e7in yap\u0131l\u0131r. Saklanan bilgiler cihaz\u0131n\u0131za, taray\u0131c\u0131 s\u00fcr\u00fcm\u00fcn\u00fcze ve IP adresinize dair teknik bilgiler i\u00e7erebilir. \u00c7erezler isim, ki\u015fisel kimlik numaras\u0131 veya e-posta adresi gibi bilgileri i\u00e7ermez.<br\/>Web sitemizi ziyaretinizle birlikte \u00e7erezlerin saklanmas\u0131n\u0131 istemiyorsan\u0131z, taray\u0131c\u0131 ayarlar\u0131n\u0131z\u0131 \u00e7erezleri kabul etmeyecek \u015fekilde de\u011fi\u015ftirebilirsiniz    <\/p>\n\n\n\n<h2 class=\"wp-block-heading\">Di\u011fer sitelere ba\u011flant\u0131lar<\/h2>\n\n\n\n<p>WWF \u0130sve\u00e7 web sitesi, \u00fc\u00e7\u00fcnc\u00fc taraf web sitelerine veya \u00fc\u00e7\u00fcnc\u00fc \u015fah\u0131slar taraf\u0131ndan yay\u0131mlanan materyallere ba\u011flant\u0131lar i\u00e7erebilir. WWF \u0130sve\u00e7, bu web sitelerinin i\u00e7eri\u011fi \u00fczerinde kontrol sahibi olmad\u0131\u011f\u0131ndan, i\u00e7eri\u011finden sorumlu de\u011fildir. WWF \u0130sve\u00e7, bu ba\u011flant\u0131lar\u0131n kullan\u0131m\u0131ndan kaynaklanabilecek herhangi bir hasar veya kay\u0131ptan da sorumlu de\u011fildir.  <\/p>\n\n\n\n<h2 class=\"wp-block-heading\">Hangi yasal dayanaklara sahibiz?<\/h2>\n\n\n\n<p>WWF \u0130sve\u00e7&#8217;e ki\u015fisel bilgi g\u00f6nderdi\u011finizde, hakk\u0131n\u0131zdaki bilgiler kaydedilir, saklan\u0131r ve belirtilen ama\u00e7lar do\u011frultusunda i\u015flenir. Ki\u015fisel verilerin i\u015flenmesi i\u00e7in yasal dayanak olarak WWF \u0130sve\u00e7, bir s\u00f6zle\u015fmenin yerine getirilmesine, me\u015fru menfaate, yasal y\u00fck\u00fcml\u00fcl\u00fc\u011fe veya r\u0131zaya at\u0131fta bulunacakt\u0131r. WWF \u0130sve\u00e7&#8217;in me\u015fru menfaati dayanak olarak kulland\u0131\u011f\u0131 durumlarda, bu yaln\u0131zca bu politikada belirtilen ama\u00e7lar do\u011frultusunda yap\u0131lacakt\u0131r. WWF \u0130sve\u00e7\u2019in ki\u015fisel verileri saklama tercihini dayand\u0131rd\u0131\u011f\u0131 durumlarda, her bir kullan\u0131c\u0131 i\u00e7in bunun en iyi \u00e7\u0131kar oldu\u011funa inan\u0131lmaktad\u0131r.   <\/p>\n\n\n\n<h2 class=\"wp-block-heading\">Ki\u015fisel bilgilerinizi ne kadar s\u00fcre sakl\u0131yoruz?<\/h2>\n\n\n\n<p>Ki\u015fisel bilgileriniz, g\u00fcncel oldu\u011fu veya topland\u0131\u011f\u0131 ama\u00e7lar do\u011frultusunda gerekli oldu\u011fu s\u00fcrece saklan\u0131r.<\/p>\n\n\n\n<h2 class=\"wp-block-heading\">\u0130sve\u00e7 Gizlilik Koruma Kurumu (Integritetsskyddsmyndigheten &#8220;IMY&#8221;)<\/h2>\n\n\n\n<p>Haklar\u0131n\u0131z\u0131n taraf\u0131m\u0131zca ihlal edildi\u011fini d\u00fc\u015f\u00fcn\u00fcyorsan\u0131z, her zaman WWF \u0130sve\u00e7 ile ileti\u015fime ge\u00e7ebilirsiniz. Haklar\u0131n\u0131z\u0131n Genel Veri Koruma Y\u00f6netmeli\u011fi\u2019ne ayk\u0131r\u0131 bir \u015fekilde ihlal edilmesi ve bu nedenle zarar g\u00f6rd\u00fc\u011f\u00fcn\u00fcz\u00fc d\u00fc\u015f\u00fcn\u00fcyorsan\u0131z, \u0130sve\u00e7 Gizlilik Koruma Kurumu\u2019na (IMY) \u015fikayette bulunabilirsiniz: https:\/\/www.imy.se\/en\/ <\/p>\n\n\n\n<h2 class=\"wp-block-heading\">Bize ula\u015f\u0131n<\/h2>\n\n\n\n<p>Her zaman WWF \u0130sve\u00e7 ile ileti\u015fime ge\u00e7ebilirsiniz:<br\/>E-mail: <a href=\"mailto:gdpr@wwf.se\">gdpr@wwf.se<\/a><br\/>Switchboard: +468-624 74 00 (Business days 8:30\u201316:30)<br\/>Postal address: Ulriksdals slott, 170 81 Solna<\/p>\n\n\n\n<p><strong>V\u00e4rldsnaturfonden WWF<\/strong>, organization number 802005\u20139823, bu ko\u015fullara uygun olarak ki\u015fisel verilerden sorumludur ve i\u015fleme faaliyetlerinin y\u00fcr\u00fcrl\u00fckteki yasalarla (GDPR) uyumlu olmas\u0131n\u0131 sa\u011flamakla y\u00fck\u00fcml\u00fcd\u00fcr.<\/p>\n\n\n\n<p><em>Bu metin orijinal dilinden, yani \u0130sve\u00e7\u00e7eden \u00e7evrilmi\u015ftir. Do\u011fru bir \u00e7eviri sa\u011flamak i\u00e7in her t\u00fcrl\u00fc \u00e7aba g\u00f6sterilmi\u015ftir; ancak, \u00e7evirinin do\u011frulu\u011fu, g\u00fcvenilirli\u011fi veya do\u011frulu\u011fu konusunda hi\u00e7bir garanti, a\u00e7\u0131k veya z\u0131mni olarak verilmemektedir. \u00c7evrilmi\u015f versiyon ile orijinal belge aras\u0131nda herhangi bir tutars\u0131zl\u0131k veya farkl\u0131l\u0131k olmas\u0131 durumunda, orijinal dil versiyonu ge\u00e7erli olacakt\u0131r. \u00c7evirmen, \u00e7evrilen metindeki hatalar, eksiklikler veya belirsizlikler i\u00e7in herhangi bir sorumluluk kabul etmez. \u00c7evrilen i\u00e7eri\u011fe g\u00fcvenen herhangi bir ki\u015fi veya kurulu\u015f bunu kendi riskiyle yapar.    <\/em><\/p>\n<\/div>\n","protected":false},"excerpt":{"rendered":"<p>WWF \u0130sve\u00e7\u2019in GDPR\u2019a g\u00f6re gizlilik bildirimi Genel V\u00e4rldsnaturfonden WWF &#8220;WWF \u0130sve\u00e7&#8221;, ki\u015fisel gizlili\u011finizi korur ve bir destek\u00e7i ve payda\u015f olarak WWF \u0130sve\u00e7&#8217;e ki\u015fisel bilgilerinizi verirken her zaman g\u00fcvende hissetmenizi ister. Hangi verileri toplad\u0131\u011f\u0131m\u0131z ve neden toplad\u0131\u011f\u0131m\u0131z konusunda \u015feffaf\u0131z. Bu gizlilik politikas\u0131, WWF \u0130sve\u00e7&#8217;in ki\u015fisel bilgilerinizi nas\u0131l toplad\u0131\u011f\u0131n\u0131 ve kulland\u0131\u011f\u0131n\u0131 a\u00e7\u0131klar. Ayr\u0131ca haklar\u0131n\u0131z\u0131 ve bu haklar\u0131 [&hellip;]<\/p>\n","protected":false},"author":1,"featured_media":0,"parent":0,"menu_order":0,"comment_status":"closed","ping_status":"open","template":"","meta":{"inline_featured_image":false,"iawp_total_views":2,"footnotes":""},"class_list":["post-6763","page","type-page","status-publish","hentry"],"yoast_head":"<!-- This site is optimized with the Yoast SEO plugin v27.3 - https:\/\/yoast.com\/product\/yoast-seo-wordpress\/ -->\n<title>Privacy Policy - We Love Cities<\/title>\n<meta name=\"robots\" content=\"index, follow, max-snippet:-1, max-image-preview:large, max-video-preview:-1\" \/>\n<link rel=\"canonical\" href=\"https:\/\/welovecities.org\/tr\/privacy-policy\/\" \/>\n<meta property=\"og:locale\" content=\"tr_TR\" \/>\n<meta property=\"og:type\" content=\"article\" \/>\n<meta property=\"og:title\" content=\"Privacy Policy - We Love Cities\" \/>\n<meta property=\"og:description\" content=\"WWF \u0130sve\u00e7\u2019in GDPR\u2019a g\u00f6re gizlilik bildirimi Genel V\u00e4rldsnaturfonden WWF &#8220;WWF \u0130sve\u00e7&#8221;, ki\u015fisel gizlili\u011finizi korur ve bir destek\u00e7i ve payda\u015f olarak WWF \u0130sve\u00e7&#8217;e ki\u015fisel bilgilerinizi verirken her zaman g\u00fcvende hissetmenizi ister. Hangi verileri toplad\u0131\u011f\u0131m\u0131z ve neden toplad\u0131\u011f\u0131m\u0131z konusunda \u015feffaf\u0131z. Bu gizlilik politikas\u0131, WWF \u0130sve\u00e7&#8217;in ki\u015fisel bilgilerinizi nas\u0131l toplad\u0131\u011f\u0131n\u0131 ve kulland\u0131\u011f\u0131n\u0131 a\u00e7\u0131klar. Ayr\u0131ca haklar\u0131n\u0131z\u0131 ve bu haklar\u0131 [&hellip;]\" \/>\n<meta property=\"og:url\" content=\"https:\/\/welovecities.org\/tr\/privacy-policy\/\" \/>\n<meta property=\"og:site_name\" content=\"We Love Cities\" \/>\n<meta property=\"article:publisher\" content=\"https:\/\/www.facebook.com\/WeLoveCities\" \/>\n<meta property=\"article:modified_time\" content=\"2024-10-01T11:47:40+00:00\" \/>\n<meta name=\"twitter:card\" content=\"summary_large_image\" \/>\n<meta name=\"twitter:site\" content=\"@WWFCities\" \/>\n<meta name=\"twitter:label1\" content=\"Tahmini okuma s\u00fcresi\" \/>\n\t<meta name=\"twitter:data1\" content=\"7 dakika\" \/>\n<script type=\"application\/ld+json\" class=\"yoast-schema-graph\">{\"@context\":\"https:\\\/\\\/schema.org\",\"@graph\":[{\"@type\":\"WebPage\",\"@id\":\"https:\\\/\\\/welovecities.org\\\/tr\\\/privacy-policy\\\/\",\"url\":\"https:\\\/\\\/welovecities.org\\\/tr\\\/privacy-policy\\\/\",\"name\":\"Privacy Policy - We Love Cities\",\"isPartOf\":{\"@id\":\"https:\\\/\\\/welovecities.org\\\/#website\"},\"datePublished\":\"2023-05-05T08:51:49+00:00\",\"dateModified\":\"2024-10-01T11:47:40+00:00\",\"breadcrumb\":{\"@id\":\"https:\\\/\\\/welovecities.org\\\/tr\\\/privacy-policy\\\/#breadcrumb\"},\"inLanguage\":\"tr\",\"potentialAction\":[{\"@type\":\"ReadAction\",\"target\":[\"https:\\\/\\\/welovecities.org\\\/tr\\\/privacy-policy\\\/\"]}]},{\"@type\":\"BreadcrumbList\",\"@id\":\"https:\\\/\\\/welovecities.org\\\/tr\\\/privacy-policy\\\/#breadcrumb\",\"itemListElement\":[{\"@type\":\"ListItem\",\"position\":1,\"name\":\"Home\",\"item\":\"https:\\\/\\\/welovecities.org\\\/\"},{\"@type\":\"ListItem\",\"position\":2,\"name\":\"Privacy Policy\"}]},{\"@type\":\"WebSite\",\"@id\":\"https:\\\/\\\/welovecities.org\\\/#website\",\"url\":\"https:\\\/\\\/welovecities.org\\\/\",\"name\":\"We Love Cities\",\"description\":\"Vote for your favorite city\",\"publisher\":{\"@id\":\"https:\\\/\\\/welovecities.org\\\/#organization\"},\"potentialAction\":[{\"@type\":\"SearchAction\",\"target\":{\"@type\":\"EntryPoint\",\"urlTemplate\":\"https:\\\/\\\/welovecities.org\\\/?s={search_term_string}\"},\"query-input\":{\"@type\":\"PropertyValueSpecification\",\"valueRequired\":true,\"valueName\":\"search_term_string\"}}],\"inLanguage\":\"tr\"},{\"@type\":\"Organization\",\"@id\":\"https:\\\/\\\/welovecities.org\\\/#organization\",\"name\":\"WWF\",\"url\":\"https:\\\/\\\/welovecities.org\\\/\",\"logo\":{\"@type\":\"ImageObject\",\"inLanguage\":\"tr\",\"@id\":\"https:\\\/\\\/welovecities.org\\\/#\\\/schema\\\/logo\\\/image\\\/\",\"url\":\"http:\\\/\\\/welovecities.org\\\/wp-content\\\/uploads\\\/2023\\\/06\\\/wwf.png\",\"contentUrl\":\"http:\\\/\\\/welovecities.org\\\/wp-content\\\/uploads\\\/2023\\\/06\\\/wwf.png\",\"width\":37,\"height\":55,\"caption\":\"WWF\"},\"image\":{\"@id\":\"https:\\\/\\\/welovecities.org\\\/#\\\/schema\\\/logo\\\/image\\\/\"},\"sameAs\":[\"https:\\\/\\\/www.facebook.com\\\/WeLoveCities\",\"https:\\\/\\\/x.com\\\/WWFCities\"]}]}<\/script>\n<!-- \/ Yoast SEO plugin. -->","yoast_head_json":{"title":"Privacy Policy - We Love Cities","robots":{"index":"index","follow":"follow","max-snippet":"max-snippet:-1","max-image-preview":"max-image-preview:large","max-video-preview":"max-video-preview:-1"},"canonical":"https:\/\/welovecities.org\/tr\/privacy-policy\/","og_locale":"tr_TR","og_type":"article","og_title":"Privacy Policy - We Love Cities","og_description":"WWF \u0130sve\u00e7\u2019in GDPR\u2019a g\u00f6re gizlilik bildirimi Genel V\u00e4rldsnaturfonden WWF &#8220;WWF \u0130sve\u00e7&#8221;, ki\u015fisel gizlili\u011finizi korur ve bir destek\u00e7i ve payda\u015f olarak WWF \u0130sve\u00e7&#8217;e ki\u015fisel bilgilerinizi verirken her zaman g\u00fcvende hissetmenizi ister. Hangi verileri toplad\u0131\u011f\u0131m\u0131z ve neden toplad\u0131\u011f\u0131m\u0131z konusunda \u015feffaf\u0131z. Bu gizlilik politikas\u0131, WWF \u0130sve\u00e7&#8217;in ki\u015fisel bilgilerinizi nas\u0131l toplad\u0131\u011f\u0131n\u0131 ve kulland\u0131\u011f\u0131n\u0131 a\u00e7\u0131klar. Ayr\u0131ca haklar\u0131n\u0131z\u0131 ve bu haklar\u0131 [&hellip;]","og_url":"https:\/\/welovecities.org\/tr\/privacy-policy\/","og_site_name":"We Love Cities","article_publisher":"https:\/\/www.facebook.com\/WeLoveCities","article_modified_time":"2024-10-01T11:47:40+00:00","twitter_card":"summary_large_image","twitter_site":"@WWFCities","twitter_misc":{"Tahmini okuma s\u00fcresi":"7 dakika"},"schema":{"@context":"https:\/\/schema.org","@graph":[{"@type":"WebPage","@id":"https:\/\/welovecities.org\/tr\/privacy-policy\/","url":"https:\/\/welovecities.org\/tr\/privacy-policy\/","name":"Privacy Policy - We Love Cities","isPartOf":{"@id":"https:\/\/welovecities.org\/#website"},"datePublished":"2023-05-05T08:51:49+00:00","dateModified":"2024-10-01T11:47:40+00:00","breadcrumb":{"@id":"https:\/\/welovecities.org\/tr\/privacy-policy\/#breadcrumb"},"inLanguage":"tr","potentialAction":[{"@type":"ReadAction","target":["https:\/\/welovecities.org\/tr\/privacy-policy\/"]}]},{"@type":"BreadcrumbList","@id":"https:\/\/welovecities.org\/tr\/privacy-policy\/#breadcrumb","itemListElement":[{"@type":"ListItem","position":1,"name":"Home","item":"https:\/\/welovecities.org\/"},{"@type":"ListItem","position":2,"name":"Privacy Policy"}]},{"@type":"WebSite","@id":"https:\/\/welovecities.org\/#website","url":"https:\/\/welovecities.org\/","name":"We Love Cities","description":"Vote for your favorite city","publisher":{"@id":"https:\/\/welovecities.org\/#organization"},"potentialAction":[{"@type":"SearchAction","target":{"@type":"EntryPoint","urlTemplate":"https:\/\/welovecities.org\/?s={search_term_string}"},"query-input":{"@type":"PropertyValueSpecification","valueRequired":true,"valueName":"search_term_string"}}],"inLanguage":"tr"},{"@type":"Organization","@id":"https:\/\/welovecities.org\/#organization","name":"WWF","url":"https:\/\/welovecities.org\/","logo":{"@type":"ImageObject","inLanguage":"tr","@id":"https:\/\/welovecities.org\/#\/schema\/logo\/image\/","url":"http:\/\/welovecities.org\/wp-content\/uploads\/2023\/06\/wwf.png","contentUrl":"http:\/\/welovecities.org\/wp-content\/uploads\/2023\/06\/wwf.png","width":37,"height":55,"caption":"WWF"},"image":{"@id":"https:\/\/welovecities.org\/#\/schema\/logo\/image\/"},"sameAs":["https:\/\/www.facebook.com\/WeLoveCities","https:\/\/x.com\/WWFCities"]}]}},"_links":{"self":[{"href":"https:\/\/welovecities.org\/tr\/wp-json\/wp\/v2\/pages\/6763","targetHints":{"allow":["GET"]}}],"collection":[{"href":"https:\/\/welovecities.org\/tr\/wp-json\/wp\/v2\/pages"}],"about":[{"href":"https:\/\/welovecities.org\/tr\/wp-json\/wp\/v2\/types\/page"}],"author":[{"embeddable":true,"href":"https:\/\/welovecities.org\/tr\/wp-json\/wp\/v2\/users\/1"}],"replies":[{"embeddable":true,"href":"https:\/\/welovecities.org\/tr\/wp-json\/wp\/v2\/comments?post=6763"}],"version-history":[{"count":1,"href":"https:\/\/welovecities.org\/tr\/wp-json\/wp\/v2\/pages\/6763\/revisions"}],"predecessor-version":[{"id":6764,"href":"https:\/\/welovecities.org\/tr\/wp-json\/wp\/v2\/pages\/6763\/revisions\/6764"}],"wp:attachment":[{"href":"https:\/\/welovecities.org\/tr\/wp-json\/wp\/v2\/media?parent=6763"}],"curies":[{"name":"wp","href":"https:\/\/api.w.org\/{rel}","templated":true}]}}