{"id":263,"date":"2023-05-05T08:51:49","date_gmt":"2023-05-05T08:51:49","guid":{"rendered":"http:\/\/welovecities.org\/privacy-policy-france\/"},"modified":"2024-10-01T11:32:46","modified_gmt":"2024-10-01T11:32:46","slug":"privacy-policy-france","status":"publish","type":"page","link":"https:\/\/welovecities.org\/fr\/privacy-policy-france\/","title":{"rendered":"politique de confidentialit\u00e9"},"content":{"rendered":"\n<div class=\"wp-block-group section-padding width700 is-layout-constrained wp-container-core-group-is-layout-92ef7b19 wp-block-group-is-layout-constrained\">\n<h1 class=\"wp-block-heading\">D\u00e9claration de confidentialit\u00e9 de WWF Su\u00e8de selon le RGPD<br\/><br\/><\/h1>\n\n\n\n<div style=\"margin-top:0;margin-bottom:0;height:5vh\" aria-hidden=\"true\" class=\"wp-block-spacer\"><\/div>\n\n\n\n<h2 class=\"wp-block-heading\">G\u00e9n\u00e9ralit\u00e9s<\/h2>\n\n\n\n<p>V\u00e4rldsnaturfonden WWF \u00ab\u00a0WWF Su\u00e8de\u00a0\u00bb prot\u00e8ge votre vie priv\u00e9e et souhaite que vous, en tant que soutien et partie prenante, vous sentiez toujours en s\u00e9curit\u00e9 lorsque vous soumettez vos informations personnelles \u00e0 WWF Su\u00e8de. Nous sommes transparents quant aux donn\u00e9es que nous collectons et pourquoi. Cette politique de confidentialit\u00e9 explique comment WWF Su\u00e8de collecte et utilise vos informations personnelles. Elle d\u00e9crit \u00e9galement vos droits et comment vous pouvez les faire valoir. Tout traitement des donn\u00e9es personnelles au sein de WWF Su\u00e8de se fait conform\u00e9ment \u00e0 la l\u00e9gislation applicable en mati\u00e8re de protection des donn\u00e9es. Dans l&rsquo;UE\/EEE, le R\u00e8glement g\u00e9n\u00e9ral sur la protection des donn\u00e9es (RGPD) est applicable \u00e0 partir du 25 mai 2018.     <\/p>\n\n\n\n<h2 class=\"wp-block-heading\">Pourquoi collectons-nous des donn\u00e9es personnelles ?<\/h2>\n\n\n\n<p>WWF Su\u00e8de enregistre les donn\u00e9es personnelles afin de pouvoir communiquer avec vous de mani\u00e8re fluide \u00e0 travers divers canaux et maintenir une relation proche. WWF Su\u00e8de communique avec vous par diff\u00e9rents canaux : sites web, r\u00e9seaux sociaux, bulletins d&rsquo;information, ainsi que via le canal tiers Google Analytics. <\/p>\n\n\n\n<h2 class=\"wp-block-heading\">Les donn\u00e9es personnelles que WWF Su\u00e8de collecte<\/h2>\n\n\n\n<p>Vous pouvez nous fournir directement ou indirectement des informations vous concernant de diff\u00e9rentes mani\u00e8res, par exemple lorsque vous vous abonnez \u00e0 une newsletter, visitez notre site web ou participez \u00e0 nos initiatives telles que des \u00e9v\u00e9nements.<\/p>\n\n\n\n<h2 class=\"wp-block-heading\">Les informations personnelles que nous collectons peuvent inclure, par exemple :<\/h2>\n\n\n\n<p>\u2022 Informations personnelles et coordonn\u00e9es \u2013 nom, adresse e-mail et informations de localisation.<\/p>\n\n\n\n<h2 class=\"wp-block-heading\">WWF Su\u00e8de enregistre des donn\u00e9es personnelles si :<\/h2>\n\n\n\n<ul class=\"wp-block-list\">\n<li>Vous vous inscrivez pour recevoir notre newsletter<\/li>\n\n\n\n<li>Vous vous inscrivez \u00e0 des \u00e9v\u00e9nements et initiatives organis\u00e9s par WWF Su\u00e8de<\/li>\n\n\n\n<li>Vous contactez WWF Su\u00e8de par e-mail, courrier, via notre site web ou sur les r\u00e9seaux sociaux<\/li>\n\n\n\n<li>Vous nous contactez avec des demandes sp\u00e9cifiques que nous notons dans la base de donn\u00e9es ou sauvegardons dans l&rsquo;e-mail<\/li>\n\n\n\n<li>Vous visitez notre site web, y compris mais sans s&rsquo;y limiter, les donn\u00e9es de trafic, les donn\u00e9es de localisation, les journaux web et autres donn\u00e9es de communication, ainsi que, par exemple, le type d&rsquo;appareil, le type de navigateur et le syst\u00e8me d&rsquo;exploitation utilis\u00e9s lors de la visite<\/li>\n\n\n\n<li>Vous avez \u00e9tabli une relation commerciale avec WWF Su\u00e8de, par exemple si vous avez particip\u00e9 \u00e0 un appel d&rsquo;offres<\/li>\n\n\n\n<li>Vous ouvrez un e-mail de notre part ou cliquez sur un lien dans un e-mail de notre part, par exemple votre adresse IP<\/li>\n\n\n\n<li>Vous avez donn\u00e9 votre adresse \u00e0 une source externe \u00e0 laquelle nous avons eu acc\u00e8s.<\/li>\n<\/ul>\n\n\n\n<h2 class=\"wp-block-heading\">Comment utilisons-nous les informations collect\u00e9es ?<\/h2>\n\n\n\n<p>WWF Su\u00e8de traite les donn\u00e9es personnelles principalement aux fins \u00e9nonc\u00e9es ci-dessous et pour toute autre finalit\u00e9 indiqu\u00e9e lors de la collecte :<\/p>\n\n\n\n<ul class=\"wp-block-list\">\n<li>Pour informer sur notre travail via divers canaux tels que l&rsquo;envoi d&rsquo;e-mails<\/li>\n\n\n\n<li>Pour respecter les exigences l\u00e9gales en mati\u00e8re de stockage des contrats<\/li>\n\n\n\n<li>Pour l&rsquo;administration du syst\u00e8me et maintenir une bonne gestion des registres<\/li>\n\n\n\n<li>Pour produire des donn\u00e9es statistiques \u2013 ceci est fait de mani\u00e8re agr\u00e9g\u00e9e sans identifier les individus<\/li>\n\n\n\n<li>Pour fournir, d\u00e9velopper et am\u00e9liorer notre communication et votre exp\u00e9rience utilisateur sur les plateformes que nous proposons en analysant votre comportement utilisateur sur nos canaux num\u00e9riques \u2013 par exemple site web, newsletter, r\u00e9seaux sociaux<\/li>\n\n\n\n<li>Pour envoyer des informations importantes, telles que des changements dans nos conditions et politiques<\/li>\n\n\n\n<li>Pour noter l&rsquo;int\u00e9r\u00eat et l&rsquo;engagement dans nos initiatives et r\u00e9seaux et transmettre des informations sur l&rsquo;\u00e9volution de l&rsquo;initiative.<\/li>\n<\/ul>\n\n\n\n<h2 class=\"wp-block-heading\">Avec qui pouvons-nous partager vos informations ?<\/h2>\n\n\n\n<p>Nous pouvons partager des informations avec d&rsquo;autres entreprises qui traitent des donn\u00e9es pour le compte de WWF Su\u00e8de. Cela nous permet de fournir nos services, comme l&rsquo;analyse, la distribution ou d&rsquo;autres services de maintenance, et d&rsquo;appliquer nos conditions d&rsquo;utilisation et de livraison. Cependant, une s\u00e9curit\u00e9 et une confidentialit\u00e9 \u00e9lev\u00e9es sont toujours observ\u00e9es dans le traitement des donn\u00e9es personnelles. Des exemples de parties externes avec lesquelles nous partageons des informations incluent des imprimeries et des agences. WWF Su\u00e8de s&rsquo;engage \u00e0 avoir des accords de traitement des donn\u00e9es valides avec tous les fournisseurs qui traitent des donn\u00e9es personnelles pour le compte de WWF Su\u00e8de.<br\/>Les informations personnelles peuvent \u00e9galement \u00eatre divulgu\u00e9es si cela est n\u00e9cessaire pour :    <\/p>\n\n\n\n<ul class=\"wp-block-list\">\n<li>Respecter les lois, r\u00e8glements, proc\u00e9dures judiciaires ou demandes des autorit\u00e9s ex\u00e9cutantes applicables<\/li>\n\n\n\n<li>Sauvegarder les int\u00e9r\u00eats l\u00e9gaux de WWF Su\u00e8de<\/li>\n\n\n\n<li>D\u00e9tecter et pr\u00e9venir la fraude, les probl\u00e8mes de s\u00e9curit\u00e9 ou techniques.<\/li>\n<\/ul>\n\n\n\n<h2 class=\"wp-block-heading\">Ce que nous ne ferons pas de vos informations<\/h2>\n\n\n\n<p>WWF Su\u00e8de ne vendra, ne louera ni ne c\u00e8dera les informations personnelles collect\u00e9es.<\/p>\n\n\n\n<h2 class=\"wp-block-heading\">\u00c0 propos des cookies<\/h2>\n\n\n\n<p>Lorsque vous utilisez notre site web, nous stockons des cookies sur votre ordinateur. Cela stocke des informations sur votre utilisation de notre site web, les pages visit\u00e9es et si vous avez cliqu\u00e9 sur notre site depuis un autre site web. Cela est fait pour am\u00e9liorer l&rsquo;exp\u00e9rience utilisateur pour vous en tant que visiteur, ainsi que pour adapter la communication cibl\u00e9e vers vous en tant que visiteur sur d&rsquo;autres sites web. Les informations stock\u00e9es peuvent inclure des informations techniques sur votre appareil, la version du navigateur et l&rsquo;adresse IP. Les cookies ne contiennent pas d&rsquo;informations telles que le nom, le num\u00e9ro d&rsquo;identification personnel ou l&rsquo;adresse e-mail.<br\/>Si vous ne souhaitez pas que des cookies soient stock\u00e9s lors de votre visite sur notre site web, vous pouvez modifier les param\u00e8tres de votre navigateur pour ne pas accepter les cookies.    <\/p>\n\n\n\n<h2 class=\"wp-block-heading\">Liens vers d&rsquo;autres sites<\/h2>\n\n\n\n<p>Le site web de WWF Su\u00e8de peut contenir des liens vers des sites web tiers ou vers des mat\u00e9riaux publi\u00e9s par des tiers. Comme WWF Su\u00e8de n&rsquo;a aucun contr\u00f4le sur le contenu de ces sites web, nous ne sommes pas responsables de leur contenu. WWF Su\u00e8de n&rsquo;est \u00e9galement pas responsable des dommages ou pertes pouvant d\u00e9couler de l&rsquo;utilisation de ces liens.  <\/p>\n\n\n\n<h2 class=\"wp-block-heading\">Quelles bases l\u00e9gales avons-nous ?<\/h2>\n\n\n\n<p>En soumettant des informations personnelles \u00e0 WWF Su\u00e8de, les informations vous concernant sont enregistr\u00e9es, stock\u00e9es et trait\u00e9es pour des finalit\u00e9s sp\u00e9cifiques. Comme base l\u00e9gale pour le traitement des donn\u00e9es personnelles, WWF Su\u00e8de invoquera l&rsquo;ex\u00e9cution d&rsquo;un accord, un int\u00e9r\u00eat l\u00e9gitime, une obligation l\u00e9gale ou un consentement. Dans les cas o\u00f9 WWF Su\u00e8de utilise l&rsquo;int\u00e9r\u00eat l\u00e9gitime comme base, cela ne sera fait que pour les finalit\u00e9s \u00e9nonc\u00e9es dans cette politique. Dans les cas o\u00f9 l&rsquo;int\u00e9r\u00eat l\u00e9gitime est la base du choix de WWF Su\u00e8de de conserver les donn\u00e9es personnelles, la conviction est que cela est dans l&rsquo;int\u00e9r\u00eat de chaque utilisateur individuel.   <\/p>\n\n\n\n<h2 class=\"wp-block-heading\">Combien de temps conservons-nous vos informations personnelles ?<\/h2>\n\n\n\n<p>Vos informations personnelles sont conserv\u00e9es aussi longtemps qu&rsquo;elles sont pertinentes ou n\u00e9cessaires aux fins pour lesquelles elles ont \u00e9t\u00e9 collect\u00e9es.<\/p>\n\n\n\n<h2 class=\"wp-block-heading\">L&rsquo;Autorit\u00e9 su\u00e9doise de protection de la vie priv\u00e9e (Integritetsskyddsmyndigheten \u00ab\u00a0IMY\u00a0\u00bb)<\/h2>\n\n\n\n<p>Si vous estimez que vos droits ne sont pas respect\u00e9s par nous, vous pouvez toujours contacter WWF Su\u00e8de. Si vous pensez que nous n&rsquo;avons pas trait\u00e9 correctement la question et que vous avez subi des dommages en raison d&rsquo;une violation de vos droits en vertu du R\u00e8glement g\u00e9n\u00e9ral sur la protection des donn\u00e9es, vous pouvez signaler cela \u00e0 l&rsquo;Autorit\u00e9 su\u00e9doise de protection de la vie priv\u00e9e (IMY), qui est l&rsquo;autorit\u00e9 de surveillance en Su\u00e8de : https:\/\/www.imy.se\/en\/ <\/p>\n\n\n\n<h2 class=\"wp-block-heading\">Contactez-nous<\/h2>\n\n\n\n<p>Vous pouvez toujours nous contacter chez WWF Su\u00e8de :<br\/>E-mail: <a href=\"mailto:gdpr@wwf.se\">gdpr@wwf.se<\/a><br\/>Switchboard: +468-624 74 00 (Business days 8:30\u201316:30)<br\/>Postal address: Ulriksdals slott, 170 81 Solna<\/p>\n\n\n\n<p><strong>V\u00e4rldsnaturfonden WWF<\/strong>, organization number 802005\u20139823,est responsable des donn\u00e9es personnelles conform\u00e9ment \u00e0 ces conditions et est charg\u00e9 de s&rsquo;assurer que le traitement est conforme \u00e0 la l\u00e9gislation en vigueur (RGPD).<\/p>\n\n\n\n<p><em>Ce texte a \u00e9t\u00e9 traduit de sa langue d&rsquo;origine, \u00e0 savoir le su\u00e9dois. Tous les efforts ont \u00e9t\u00e9 faits pour fournir une traduction pr\u00e9cise ; cependant, aucune garantie, expresse ou implicite, n&rsquo;est donn\u00e9e quant \u00e0 l&rsquo;exactitude, la fiabilit\u00e9 ou la correction de la traduction. En cas de divergence ou d&rsquo;incoh\u00e9rence entre la version traduite et le document original, la version dans la langue d&rsquo;origine pr\u00e9vaudra. Le traducteur d\u00e9cline toute responsabilit\u00e9 pour toute erreur, omission ou ambigu\u00eft\u00e9 dans le texte traduit. Toute personne ou entit\u00e9 qui s&rsquo;appuie sur le contenu traduit le fait \u00e0 ses propres risques.    <\/em><\/p>\n<\/div>\n","protected":false},"excerpt":{"rendered":"<p>D\u00e9claration de confidentialit\u00e9 de WWF Su\u00e8de selon le RGPD G\u00e9n\u00e9ralit\u00e9s V\u00e4rldsnaturfonden WWF \u00ab\u00a0WWF Su\u00e8de\u00a0\u00bb prot\u00e8ge votre vie priv\u00e9e et souhaite que vous, en tant que soutien et partie prenante, vous sentiez toujours en s\u00e9curit\u00e9 lorsque vous soumettez vos informations personnelles \u00e0 WWF Su\u00e8de. Nous sommes transparents quant aux donn\u00e9es que nous collectons et pourquoi. Cette [&hellip;]<\/p>\n","protected":false},"author":1,"featured_media":0,"parent":0,"menu_order":0,"comment_status":"closed","ping_status":"open","template":"","meta":{"inline_featured_image":false,"iawp_total_views":38,"footnotes":""},"class_list":["post-263","page","type-page","status-publish","hentry"],"yoast_head":"<!-- This site is optimized with the Yoast SEO plugin v27.5 - https:\/\/yoast.com\/product\/yoast-seo-wordpress\/ -->\n<title>politique de confidentialit\u00e9 - We Love Cities<\/title>\n<meta name=\"robots\" content=\"index, follow, max-snippet:-1, max-image-preview:large, max-video-preview:-1\" \/>\n<link rel=\"canonical\" href=\"https:\/\/welovecities.org\/fr\/privacy-policy-france\/\" \/>\n<meta property=\"og:locale\" content=\"fr_FR\" \/>\n<meta property=\"og:type\" content=\"article\" \/>\n<meta property=\"og:title\" content=\"politique de confidentialit\u00e9 - We Love Cities\" \/>\n<meta property=\"og:description\" content=\"D\u00e9claration de confidentialit\u00e9 de WWF Su\u00e8de selon le RGPD G\u00e9n\u00e9ralit\u00e9s V\u00e4rldsnaturfonden WWF \u00ab\u00a0WWF Su\u00e8de\u00a0\u00bb prot\u00e8ge votre vie priv\u00e9e et souhaite que vous, en tant que soutien et partie prenante, vous sentiez toujours en s\u00e9curit\u00e9 lorsque vous soumettez vos informations personnelles \u00e0 WWF Su\u00e8de. Nous sommes transparents quant aux donn\u00e9es que nous collectons et pourquoi. Cette [&hellip;]\" \/>\n<meta property=\"og:url\" content=\"https:\/\/welovecities.org\/fr\/privacy-policy-france\/\" \/>\n<meta property=\"og:site_name\" content=\"We Love Cities\" \/>\n<meta property=\"article:publisher\" content=\"https:\/\/www.facebook.com\/WeLoveCities\" \/>\n<meta property=\"article:modified_time\" content=\"2024-10-01T11:32:46+00:00\" \/>\n<meta name=\"twitter:card\" content=\"summary_large_image\" \/>\n<meta name=\"twitter:site\" content=\"@WWFCities\" \/>\n<meta name=\"twitter:label1\" content=\"Dur\u00e9e de lecture estim\u00e9e\" \/>\n\t<meta name=\"twitter:data1\" content=\"7 minutes\" \/>\n<script type=\"application\/ld+json\" class=\"yoast-schema-graph\">{\"@context\":\"https:\\\/\\\/schema.org\",\"@graph\":[{\"@type\":\"WebPage\",\"@id\":\"https:\\\/\\\/welovecities.org\\\/fr\\\/privacy-policy-france\\\/\",\"url\":\"https:\\\/\\\/welovecities.org\\\/fr\\\/privacy-policy-france\\\/\",\"name\":\"politique de confidentialit\u00e9 - We Love Cities\",\"isPartOf\":{\"@id\":\"https:\\\/\\\/welovecities.org\\\/#website\"},\"datePublished\":\"2023-05-05T08:51:49+00:00\",\"dateModified\":\"2024-10-01T11:32:46+00:00\",\"breadcrumb\":{\"@id\":\"https:\\\/\\\/welovecities.org\\\/fr\\\/privacy-policy-france\\\/#breadcrumb\"},\"inLanguage\":\"fr-FR\",\"potentialAction\":[{\"@type\":\"ReadAction\",\"target\":[\"https:\\\/\\\/welovecities.org\\\/fr\\\/privacy-policy-france\\\/\"]}]},{\"@type\":\"BreadcrumbList\",\"@id\":\"https:\\\/\\\/welovecities.org\\\/fr\\\/privacy-policy-france\\\/#breadcrumb\",\"itemListElement\":[{\"@type\":\"ListItem\",\"position\":1,\"name\":\"Home\",\"item\":\"https:\\\/\\\/welovecities.org\\\/fr\\\/\"},{\"@type\":\"ListItem\",\"position\":2,\"name\":\"politique de confidentialit\u00e9\"}]},{\"@type\":\"WebSite\",\"@id\":\"https:\\\/\\\/welovecities.org\\\/#website\",\"url\":\"https:\\\/\\\/welovecities.org\\\/\",\"name\":\"We Love Cities\",\"description\":\"Vote for your favorite city\",\"publisher\":{\"@id\":\"https:\\\/\\\/welovecities.org\\\/#organization\"},\"potentialAction\":[{\"@type\":\"SearchAction\",\"target\":{\"@type\":\"EntryPoint\",\"urlTemplate\":\"https:\\\/\\\/welovecities.org\\\/?s={search_term_string}\"},\"query-input\":{\"@type\":\"PropertyValueSpecification\",\"valueRequired\":true,\"valueName\":\"search_term_string\"}}],\"inLanguage\":\"fr-FR\"},{\"@type\":\"Organization\",\"@id\":\"https:\\\/\\\/welovecities.org\\\/#organization\",\"name\":\"WWF\",\"url\":\"https:\\\/\\\/welovecities.org\\\/\",\"logo\":{\"@type\":\"ImageObject\",\"inLanguage\":\"fr-FR\",\"@id\":\"https:\\\/\\\/welovecities.org\\\/#\\\/schema\\\/logo\\\/image\\\/\",\"url\":\"http:\\\/\\\/welovecities.org\\\/wp-content\\\/uploads\\\/2023\\\/06\\\/wwf.png\",\"contentUrl\":\"http:\\\/\\\/welovecities.org\\\/wp-content\\\/uploads\\\/2023\\\/06\\\/wwf.png\",\"width\":37,\"height\":55,\"caption\":\"WWF\"},\"image\":{\"@id\":\"https:\\\/\\\/welovecities.org\\\/#\\\/schema\\\/logo\\\/image\\\/\"},\"sameAs\":[\"https:\\\/\\\/www.facebook.com\\\/WeLoveCities\",\"https:\\\/\\\/x.com\\\/WWFCities\"]}]}<\/script>\n<!-- \/ Yoast SEO plugin. -->","yoast_head_json":{"title":"politique de confidentialit\u00e9 - We Love Cities","robots":{"index":"index","follow":"follow","max-snippet":"max-snippet:-1","max-image-preview":"max-image-preview:large","max-video-preview":"max-video-preview:-1"},"canonical":"https:\/\/welovecities.org\/fr\/privacy-policy-france\/","og_locale":"fr_FR","og_type":"article","og_title":"politique de confidentialit\u00e9 - We Love Cities","og_description":"D\u00e9claration de confidentialit\u00e9 de WWF Su\u00e8de selon le RGPD G\u00e9n\u00e9ralit\u00e9s V\u00e4rldsnaturfonden WWF \u00ab\u00a0WWF Su\u00e8de\u00a0\u00bb prot\u00e8ge votre vie priv\u00e9e et souhaite que vous, en tant que soutien et partie prenante, vous sentiez toujours en s\u00e9curit\u00e9 lorsque vous soumettez vos informations personnelles \u00e0 WWF Su\u00e8de. Nous sommes transparents quant aux donn\u00e9es que nous collectons et pourquoi. Cette [&hellip;]","og_url":"https:\/\/welovecities.org\/fr\/privacy-policy-france\/","og_site_name":"We Love Cities","article_publisher":"https:\/\/www.facebook.com\/WeLoveCities","article_modified_time":"2024-10-01T11:32:46+00:00","twitter_card":"summary_large_image","twitter_site":"@WWFCities","twitter_misc":{"Dur\u00e9e de lecture estim\u00e9e":"7 minutes"},"schema":{"@context":"https:\/\/schema.org","@graph":[{"@type":"WebPage","@id":"https:\/\/welovecities.org\/fr\/privacy-policy-france\/","url":"https:\/\/welovecities.org\/fr\/privacy-policy-france\/","name":"politique de confidentialit\u00e9 - We Love Cities","isPartOf":{"@id":"https:\/\/welovecities.org\/#website"},"datePublished":"2023-05-05T08:51:49+00:00","dateModified":"2024-10-01T11:32:46+00:00","breadcrumb":{"@id":"https:\/\/welovecities.org\/fr\/privacy-policy-france\/#breadcrumb"},"inLanguage":"fr-FR","potentialAction":[{"@type":"ReadAction","target":["https:\/\/welovecities.org\/fr\/privacy-policy-france\/"]}]},{"@type":"BreadcrumbList","@id":"https:\/\/welovecities.org\/fr\/privacy-policy-france\/#breadcrumb","itemListElement":[{"@type":"ListItem","position":1,"name":"Home","item":"https:\/\/welovecities.org\/fr\/"},{"@type":"ListItem","position":2,"name":"politique de confidentialit\u00e9"}]},{"@type":"WebSite","@id":"https:\/\/welovecities.org\/#website","url":"https:\/\/welovecities.org\/","name":"We Love Cities","description":"Vote for your favorite city","publisher":{"@id":"https:\/\/welovecities.org\/#organization"},"potentialAction":[{"@type":"SearchAction","target":{"@type":"EntryPoint","urlTemplate":"https:\/\/welovecities.org\/?s={search_term_string}"},"query-input":{"@type":"PropertyValueSpecification","valueRequired":true,"valueName":"search_term_string"}}],"inLanguage":"fr-FR"},{"@type":"Organization","@id":"https:\/\/welovecities.org\/#organization","name":"WWF","url":"https:\/\/welovecities.org\/","logo":{"@type":"ImageObject","inLanguage":"fr-FR","@id":"https:\/\/welovecities.org\/#\/schema\/logo\/image\/","url":"http:\/\/welovecities.org\/wp-content\/uploads\/2023\/06\/wwf.png","contentUrl":"http:\/\/welovecities.org\/wp-content\/uploads\/2023\/06\/wwf.png","width":37,"height":55,"caption":"WWF"},"image":{"@id":"https:\/\/welovecities.org\/#\/schema\/logo\/image\/"},"sameAs":["https:\/\/www.facebook.com\/WeLoveCities","https:\/\/x.com\/WWFCities"]}]}},"_links":{"self":[{"href":"https:\/\/welovecities.org\/fr\/wp-json\/wp\/v2\/pages\/263","targetHints":{"allow":["GET"]}}],"collection":[{"href":"https:\/\/welovecities.org\/fr\/wp-json\/wp\/v2\/pages"}],"about":[{"href":"https:\/\/welovecities.org\/fr\/wp-json\/wp\/v2\/types\/page"}],"author":[{"embeddable":true,"href":"https:\/\/welovecities.org\/fr\/wp-json\/wp\/v2\/users\/1"}],"replies":[{"embeddable":true,"href":"https:\/\/welovecities.org\/fr\/wp-json\/wp\/v2\/comments?post=263"}],"version-history":[{"count":2,"href":"https:\/\/welovecities.org\/fr\/wp-json\/wp\/v2\/pages\/263\/revisions"}],"predecessor-version":[{"id":6762,"href":"https:\/\/welovecities.org\/fr\/wp-json\/wp\/v2\/pages\/263\/revisions\/6762"}],"wp:attachment":[{"href":"https:\/\/welovecities.org\/fr\/wp-json\/wp\/v2\/media?parent=263"}],"curies":[{"name":"wp","href":"https:\/\/api.w.org\/{rel}","templated":true}]}}