{"id":6759,"date":"2023-05-05T08:51:49","date_gmt":"2023-05-05T08:51:49","guid":{"rendered":"https:\/\/welovecities.org\/privacy-policy\/"},"modified":"2024-10-01T10:59:41","modified_gmt":"2024-10-01T10:59:41","slug":"privacy-policy","status":"publish","type":"page","link":"https:\/\/welovecities.org\/es\/privacy-policy\/","title":{"rendered":"Privacy Policy"},"content":{"rendered":"\n<div class=\"wp-block-group section-padding width700 is-layout-constrained wp-container-core-group-is-layout-92ef7b19 wp-block-group-is-layout-constrained\">\n<h1 class=\"wp-block-heading\">Declaraci\u00f3n de privacidad de WWF Suecia seg\u00fan el GDPR<\/h1>\n\n\n\n<div style=\"margin-top:0;margin-bottom:0;height:5vh\" aria-hidden=\"true\" class=\"wp-block-spacer\"><\/div>\n\n\n\n<h2 class=\"wp-block-heading\">Generales<\/h2>\n\n\n\n<p>V\u00e4rldsnaturfonden WWF \u00abWWF Suecia\u00bb protege tu privacidad personal y quiere que, como colaborador y parte interesada, siempre te sientas seguro al proporcionar tu informaci\u00f3n personal a WWF Suecia. Somos transparentes respecto a qu\u00e9 datos recopilamos y por qu\u00e9. Esta pol\u00edtica de privacidad explica c\u00f3mo WWF Suecia recopila y utiliza tu informaci\u00f3n personal. Tambi\u00e9n describe tus derechos y c\u00f3mo puedes ejercerlos. Todo el procesamiento de datos personales dentro de WWF Suecia se realiza de acuerdo con la legislaci\u00f3n aplicable sobre protecci\u00f3n de datos. Dentro de la UE\/EEE, el Reglamento General de Protecci\u00f3n de Datos (GDPR) se aplica desde el 25 de mayo de 2018.     <\/p>\n\n\n\n<h2 class=\"wp-block-heading\">\u00bfPor qu\u00e9 recopilamos datos personales?<\/h2>\n\n\n\n<p>WWF Suecia registra los datos personales para poder comunicarse contigo de manera eficiente a trav\u00e9s de varios canales y para mantener una relaci\u00f3n cercana. WWF Suecia se comunica contigo a trav\u00e9s de diversos canales, como sitios web, redes sociales, boletines informativos y el canal de terceros Google Analytics. <\/p>\n\n\n\n<h2 class=\"wp-block-heading\">Los datos personales que WWF Suecia recopila<\/h2>\n\n\n\n<p>Puedes proporcionarnos informaci\u00f3n sobre ti de manera directa o indirecta de varias formas, por ejemplo, cuando te suscribes a un bolet\u00edn informativo, visitas nuestro sitio web o participas en nuestras iniciativas, como eventos.<\/p>\n\n\n\n<h2 class=\"wp-block-heading\">Los datos personales que podemos recopilar incluyen, por ejemplo:<\/h2>\n\n\n\n<p>\u2022 Informaci\u00f3n personal y de contacto: nombre, direcci\u00f3n de correo electr\u00f3nico e informaci\u00f3n de ubicaci\u00f3n.<\/p>\n\n\n\n<h2 class=\"wp-block-heading\">WWF Suecia registra datos personales si:<\/h2>\n\n\n\n<ul class=\"wp-block-list\">\n<li>Te registras como destinatario de nuestro bolet\u00edn informativo<\/li>\n\n\n\n<li>Te registras para eventos e iniciativas organizados por WWF Suecia<\/li>\n\n\n\n<li>Contactas a WWF Suecia por correo electr\u00f3nico, postal, a trav\u00e9s de nuestro sitio web o redes sociales<\/li>\n\n\n\n<li>Nos contactas con solicitudes espec\u00edficas que anotamos en la base de datos o guardamos en el correo electr\u00f3nico<\/li>\n\n\n\n<li>Visitas nuestro sitio web, incluidos, entre otros, datos de tr\u00e1fico, datos de ubicaci\u00f3n, registros web y otros datos de comunicaci\u00f3n, as\u00ed como, por ejemplo, el tipo de dispositivo, tipo de navegador y sistema operativo utilizado para la visita<\/li>\n\n\n\n<li>Has iniciado una relaci\u00f3n comercial con WWF Suecia, como si has participado en una licitaci\u00f3n<\/li>\n\n\n\n<li>Abres un correo electr\u00f3nico nuestro o haces clic en un enlace en un correo nuestro, por ejemplo, tu direcci\u00f3n IP<\/li>\n\n\n\n<li>Has proporcionado tu direcci\u00f3n a una fuente externa a la que hemos tenido acceso<\/li>\n<\/ul>\n\n\n\n<h2 class=\"wp-block-heading\">C\u00f3mo usamos la informaci\u00f3n recopilada<\/h2>\n\n\n\n<p>WWF Suecia procesa los datos personales principalmente para los fines establecidos a continuaci\u00f3n y para cualquier prop\u00f3sito adicional que se establezca en el momento de la recopilaci\u00f3n:<\/p>\n\n\n\n<ul class=\"wp-block-list\">\n<li>Para informar sobre nuestro trabajo a trav\u00e9s de diversos canales, como el env\u00edo de correos electr\u00f3nicos<\/li>\n\n\n\n<li>Para cumplir con los requisitos legales relacionados con el almacenamiento de contratos<\/li>\n\n\n\n<li>Para la administraci\u00f3n del sistema y mantener un buen mantenimiento del registro<\/li>\n\n\n\n<li>Para generar datos estad\u00edsticos, lo que se hace a nivel agregado sin identificar a las personas<\/li>\n\n\n\n<li>Para ofrecer, desarrollar y mejorar nuestra comunicaci\u00f3n y tu experiencia de usuario en las plataformas que ofrecemos mediante el an\u00e1lisis de tu comportamiento en nuestros canales digitales, como sitio web, bolet\u00edn informativo, redes sociales<\/li>\n\n\n\n<li>Para enviar informaci\u00f3n importante, como cambios en nuestros t\u00e9rminos y pol\u00edticas<\/li>\n\n\n\n<li>Para registrar el inter\u00e9s y el compromiso en nuestras iniciativas y redes, y para transmitir informaci\u00f3n sobre el desarrollo de la iniciativa.<\/li>\n<\/ul>\n\n\n\n<h2 class=\"wp-block-heading\">\u00bfCon qui\u00e9n podemos compartir tu informaci\u00f3n?<\/h2>\n\n\n\n<p>Podemos compartir informaci\u00f3n con otras empresas que procesan datos en nombre de WWF Suecia. Esto es para que podamos ofrecer nuestros servicios, como an\u00e1lisis, distribuci\u00f3n u otros servicios de mantenimiento y aplicar nuestros t\u00e9rminos de uso y condiciones de entrega. Sin embargo, siempre se observa un alto nivel de seguridad y confidencialidad en todo el manejo de datos personales. Ejemplos de partes externas a quienes compartimos informaci\u00f3n son imprentas y agencias. WWF Suecia se compromete a tener acuerdos de procesamiento de datos v\u00e1lidos con todos los proveedores que procesan datos personales en nombre de WWF Suecia.<br\/>La informaci\u00f3n personal tambi\u00e9n puede ser divulgada si es necesario para:    <\/p>\n\n\n\n<ul class=\"wp-block-list\">\n<li>Cumplir con la legislaci\u00f3n aplicable, una ordenanza, un proceso legal o una solicitud de la autoridad ejecutora<\/li>\n\n\n\n<li>Salvaguardar los intereses legales de WWF Suecia<\/li>\n\n\n\n<li>Detectar y prevenir fraudes, problemas de seguridad o t\u00e9cnicos.<\/li>\n<\/ul>\n\n\n\n<h2 class=\"wp-block-heading\">Lo que no haremos con tu informaci\u00f3n<\/h2>\n\n\n\n<p>WWF Suecia no vender\u00e1, alquilar\u00e1 ni arrendar\u00e1 los datos personales recopilados.<\/p>\n\n\n\n<h2 class=\"wp-block-heading\">Acerca de las cookies<\/h2>\n\n\n\n<p>Cuando utilizas nuestro sitio web, almacenamos cookies en tu computadora. Esto almacena informaci\u00f3n sobre tu uso de nuestro sitio web, qu\u00e9 p\u00e1ginas visitaste y si hiciste clic en nuestro sitio desde otro sitio web. Esto se hace para mejorar la experiencia del usuario para ti como visitante, as\u00ed como para adaptar la comunicaci\u00f3n dirigida hacia ti como visitante en otros sitios web. La informaci\u00f3n almacenada puede ser informaci\u00f3n t\u00e9cnica sobre tu dispositivo, versi\u00f3n del navegador y direcci\u00f3n IP. Las cookies no contienen informaci\u00f3n como nombre, n\u00famero de identificaci\u00f3n personal o direcci\u00f3n de correo electr\u00f3nico.<br\/>Si no deseas que las cookies se almacenen durante tu visita a nuestro sitio web, puedes cambiar la configuraci\u00f3n de tu navegador para que no permita cookies.    <\/p>\n\n\n\n<h2 class=\"wp-block-heading\">Enlaces a otros sitios<\/h2>\n\n\n\n<p>El sitio web de WWF Suecia puede contener enlaces a sitios web de terceros o a materiales publicados por terceros. Como WWF Suecia no tiene control sobre el contenido de estos sitios web, no somos responsables de su contenido. WWF Suecia tampoco es responsable de cualquier da\u00f1o o p\u00e9rdida que pueda surgir del uso de estos enlaces.  <\/p>\n\n\n\n<h2 class=\"wp-block-heading\">\u00bfQu\u00e9 bases legales tenemos?<\/h2>\n\n\n\n<p>Al proporcionar informaci\u00f3n personal a WWF Suecia, la informaci\u00f3n sobre ti se registra, almacena y procesa para fines espec\u00edficos. Como base legal para el procesamiento de datos personales, WWF Suecia se referir\u00e1 al cumplimiento de un acuerdo, un inter\u00e9s leg\u00edtimo, una obligaci\u00f3n legal o consentimiento. En los casos en que WWF Suecia utilice el inter\u00e9s leg\u00edtimo como base, solo se har\u00e1 para los fines establecidos en esta pol\u00edtica. En los casos en que el inter\u00e9s leg\u00edtimo sea la base para la decisi\u00f3n de WWF Suecia de almacenar datos personales, la convicci\u00f3n es que esto es principalmente en el inter\u00e9s de cada usuario individual.   <\/p>\n\n\n\n<h2 class=\"wp-block-heading\">\u00bfCu\u00e1nto tiempo almacenamos tu informaci\u00f3n personal?<\/h2>\n\n\n\n<p>Tu informaci\u00f3n personal se almacena mientras sea actual o necesaria para los fines para los que fue recopilada.<\/p>\n\n\n\n<h2 class=\"wp-block-heading\">La Autoridad Sueca de Protecci\u00f3n de la Privacidad (Integritetsskyddsmyndigheten \u201cIMY\u201d)<\/h2>\n\n\n\n<p>Si crees que no respetamos tus derechos, siempre puedes contactar a WWF Suecia. Si consideras que no hemos manejado el asunto de manera correcta y has sufrido da\u00f1os debido a una violaci\u00f3n de tus derechos bajo el Reglamento General de Protecci\u00f3n de Datos, puedes reportarlo a la Autoridad Sueca de Protecci\u00f3n de la Privacidad (IMY), que es la autoridad supervisora en Suecia: https:\/\/www.imy.se\/en\/ <\/p>\n\n\n\n<h2 class=\"wp-block-heading\">Cont\u00e1ctanos<\/h2>\n\n\n\n<p>Siempre puedes ponerte en contacto con nosotros en WWF Suecia:<br\/>E-mail: <a href=\"mailto:gdpr@wwf.se\">gdpr@wwf.se<\/a><br\/>Switchboard: +468-624 74 00 (Business days 8:30\u201316:30)<br\/>Postal address: Ulriksdals slott, 170 81 Solna<\/p>\n\n\n\n<p><strong>V\u00e4rldsnaturfonden WWF<\/strong>, organization number 802005\u20139823, es responsable de los datos personales de acuerdo con estas condiciones y es responsable de asegurar que el procesamiento se realice de acuerdo con la legislaci\u00f3n vigente (GDPR).<\/p>\n\n\n\n<p><em>Este texto ha sido traducido de su idioma original, es decir, el sueco. Se ha hecho todo lo posible para proporcionar una traducci\u00f3n precisa; sin embargo, no se ofrece ninguna garant\u00eda, expresa o impl\u00edcita, en cuanto a la precisi\u00f3n, fiabilidad o correcci\u00f3n de la traducci\u00f3n. En caso de cualquier discrepancia o inconsistencia entre la versi\u00f3n traducida y el documento original, prevalecer\u00e1 la versi\u00f3n en el idioma original. El traductor no asume ninguna responsabilidad por errores, omisiones o ambig\u00fcedades en el texto traducido. Cualquier persona o entidad que conf\u00ede en el contenido traducido lo hace bajo su propio riesgo.    <\/em><\/p>\n<\/div>\n","protected":false},"excerpt":{"rendered":"<p>Declaraci\u00f3n de privacidad de WWF Suecia seg\u00fan el GDPR Generales V\u00e4rldsnaturfonden WWF \u00abWWF Suecia\u00bb protege tu privacidad personal y quiere que, como colaborador y parte interesada, siempre te sientas seguro al proporcionar tu informaci\u00f3n personal a WWF Suecia. Somos transparentes respecto a qu\u00e9 datos recopilamos y por qu\u00e9. Esta pol\u00edtica de privacidad explica c\u00f3mo WWF [&hellip;]<\/p>\n","protected":false},"author":1,"featured_media":0,"parent":0,"menu_order":0,"comment_status":"closed","ping_status":"open","template":"","meta":{"inline_featured_image":false,"iawp_total_views":10,"footnotes":""},"class_list":["post-6759","page","type-page","status-publish","hentry"],"yoast_head":"<!-- This site is optimized with the Yoast SEO plugin v27.5 - https:\/\/yoast.com\/product\/yoast-seo-wordpress\/ -->\n<title>Privacy Policy - We Love Cities<\/title>\n<meta name=\"robots\" content=\"index, follow, max-snippet:-1, max-image-preview:large, max-video-preview:-1\" \/>\n<link rel=\"canonical\" href=\"https:\/\/welovecities.org\/es\/privacy-policy\/\" \/>\n<meta property=\"og:locale\" content=\"es_ES\" \/>\n<meta property=\"og:type\" content=\"article\" \/>\n<meta property=\"og:title\" content=\"Privacy Policy - We Love Cities\" \/>\n<meta property=\"og:description\" content=\"Declaraci\u00f3n de privacidad de WWF Suecia seg\u00fan el GDPR Generales V\u00e4rldsnaturfonden WWF \u00abWWF Suecia\u00bb protege tu privacidad personal y quiere que, como colaborador y parte interesada, siempre te sientas seguro al proporcionar tu informaci\u00f3n personal a WWF Suecia. Somos transparentes respecto a qu\u00e9 datos recopilamos y por qu\u00e9. Esta pol\u00edtica de privacidad explica c\u00f3mo WWF [&hellip;]\" \/>\n<meta property=\"og:url\" content=\"https:\/\/welovecities.org\/es\/privacy-policy\/\" \/>\n<meta property=\"og:site_name\" content=\"We Love Cities\" \/>\n<meta property=\"article:publisher\" content=\"https:\/\/www.facebook.com\/WeLoveCities\" \/>\n<meta property=\"article:modified_time\" content=\"2024-10-01T10:59:41+00:00\" \/>\n<meta name=\"twitter:card\" content=\"summary_large_image\" \/>\n<meta name=\"twitter:site\" content=\"@WWFCities\" \/>\n<meta name=\"twitter:label1\" content=\"Tiempo de lectura\" \/>\n\t<meta name=\"twitter:data1\" content=\"7 minutos\" \/>\n<script type=\"application\/ld+json\" class=\"yoast-schema-graph\">{\"@context\":\"https:\\\/\\\/schema.org\",\"@graph\":[{\"@type\":\"WebPage\",\"@id\":\"https:\\\/\\\/welovecities.org\\\/es\\\/privacy-policy\\\/\",\"url\":\"https:\\\/\\\/welovecities.org\\\/es\\\/privacy-policy\\\/\",\"name\":\"Privacy Policy - We Love Cities\",\"isPartOf\":{\"@id\":\"https:\\\/\\\/welovecities.org\\\/#website\"},\"datePublished\":\"2023-05-05T08:51:49+00:00\",\"dateModified\":\"2024-10-01T10:59:41+00:00\",\"breadcrumb\":{\"@id\":\"https:\\\/\\\/welovecities.org\\\/es\\\/privacy-policy\\\/#breadcrumb\"},\"inLanguage\":\"es\",\"potentialAction\":[{\"@type\":\"ReadAction\",\"target\":[\"https:\\\/\\\/welovecities.org\\\/es\\\/privacy-policy\\\/\"]}]},{\"@type\":\"BreadcrumbList\",\"@id\":\"https:\\\/\\\/welovecities.org\\\/es\\\/privacy-policy\\\/#breadcrumb\",\"itemListElement\":[{\"@type\":\"ListItem\",\"position\":1,\"name\":\"Home\",\"item\":\"https:\\\/\\\/welovecities.org\\\/es\\\/\"},{\"@type\":\"ListItem\",\"position\":2,\"name\":\"Privacy Policy\"}]},{\"@type\":\"WebSite\",\"@id\":\"https:\\\/\\\/welovecities.org\\\/#website\",\"url\":\"https:\\\/\\\/welovecities.org\\\/\",\"name\":\"We Love Cities\",\"description\":\"Vote for your favorite city\",\"publisher\":{\"@id\":\"https:\\\/\\\/welovecities.org\\\/#organization\"},\"potentialAction\":[{\"@type\":\"SearchAction\",\"target\":{\"@type\":\"EntryPoint\",\"urlTemplate\":\"https:\\\/\\\/welovecities.org\\\/?s={search_term_string}\"},\"query-input\":{\"@type\":\"PropertyValueSpecification\",\"valueRequired\":true,\"valueName\":\"search_term_string\"}}],\"inLanguage\":\"es\"},{\"@type\":\"Organization\",\"@id\":\"https:\\\/\\\/welovecities.org\\\/#organization\",\"name\":\"WWF\",\"url\":\"https:\\\/\\\/welovecities.org\\\/\",\"logo\":{\"@type\":\"ImageObject\",\"inLanguage\":\"es\",\"@id\":\"https:\\\/\\\/welovecities.org\\\/#\\\/schema\\\/logo\\\/image\\\/\",\"url\":\"http:\\\/\\\/welovecities.org\\\/wp-content\\\/uploads\\\/2023\\\/06\\\/wwf.png\",\"contentUrl\":\"http:\\\/\\\/welovecities.org\\\/wp-content\\\/uploads\\\/2023\\\/06\\\/wwf.png\",\"width\":37,\"height\":55,\"caption\":\"WWF\"},\"image\":{\"@id\":\"https:\\\/\\\/welovecities.org\\\/#\\\/schema\\\/logo\\\/image\\\/\"},\"sameAs\":[\"https:\\\/\\\/www.facebook.com\\\/WeLoveCities\",\"https:\\\/\\\/x.com\\\/WWFCities\"]}]}<\/script>\n<!-- \/ Yoast SEO plugin. -->","yoast_head_json":{"title":"Privacy Policy - We Love Cities","robots":{"index":"index","follow":"follow","max-snippet":"max-snippet:-1","max-image-preview":"max-image-preview:large","max-video-preview":"max-video-preview:-1"},"canonical":"https:\/\/welovecities.org\/es\/privacy-policy\/","og_locale":"es_ES","og_type":"article","og_title":"Privacy Policy - We Love Cities","og_description":"Declaraci\u00f3n de privacidad de WWF Suecia seg\u00fan el GDPR Generales V\u00e4rldsnaturfonden WWF \u00abWWF Suecia\u00bb protege tu privacidad personal y quiere que, como colaborador y parte interesada, siempre te sientas seguro al proporcionar tu informaci\u00f3n personal a WWF Suecia. Somos transparentes respecto a qu\u00e9 datos recopilamos y por qu\u00e9. Esta pol\u00edtica de privacidad explica c\u00f3mo WWF [&hellip;]","og_url":"https:\/\/welovecities.org\/es\/privacy-policy\/","og_site_name":"We Love Cities","article_publisher":"https:\/\/www.facebook.com\/WeLoveCities","article_modified_time":"2024-10-01T10:59:41+00:00","twitter_card":"summary_large_image","twitter_site":"@WWFCities","twitter_misc":{"Tiempo de lectura":"7 minutos"},"schema":{"@context":"https:\/\/schema.org","@graph":[{"@type":"WebPage","@id":"https:\/\/welovecities.org\/es\/privacy-policy\/","url":"https:\/\/welovecities.org\/es\/privacy-policy\/","name":"Privacy Policy - We Love Cities","isPartOf":{"@id":"https:\/\/welovecities.org\/#website"},"datePublished":"2023-05-05T08:51:49+00:00","dateModified":"2024-10-01T10:59:41+00:00","breadcrumb":{"@id":"https:\/\/welovecities.org\/es\/privacy-policy\/#breadcrumb"},"inLanguage":"es","potentialAction":[{"@type":"ReadAction","target":["https:\/\/welovecities.org\/es\/privacy-policy\/"]}]},{"@type":"BreadcrumbList","@id":"https:\/\/welovecities.org\/es\/privacy-policy\/#breadcrumb","itemListElement":[{"@type":"ListItem","position":1,"name":"Home","item":"https:\/\/welovecities.org\/es\/"},{"@type":"ListItem","position":2,"name":"Privacy Policy"}]},{"@type":"WebSite","@id":"https:\/\/welovecities.org\/#website","url":"https:\/\/welovecities.org\/","name":"We Love Cities","description":"Vote for your favorite city","publisher":{"@id":"https:\/\/welovecities.org\/#organization"},"potentialAction":[{"@type":"SearchAction","target":{"@type":"EntryPoint","urlTemplate":"https:\/\/welovecities.org\/?s={search_term_string}"},"query-input":{"@type":"PropertyValueSpecification","valueRequired":true,"valueName":"search_term_string"}}],"inLanguage":"es"},{"@type":"Organization","@id":"https:\/\/welovecities.org\/#organization","name":"WWF","url":"https:\/\/welovecities.org\/","logo":{"@type":"ImageObject","inLanguage":"es","@id":"https:\/\/welovecities.org\/#\/schema\/logo\/image\/","url":"http:\/\/welovecities.org\/wp-content\/uploads\/2023\/06\/wwf.png","contentUrl":"http:\/\/welovecities.org\/wp-content\/uploads\/2023\/06\/wwf.png","width":37,"height":55,"caption":"WWF"},"image":{"@id":"https:\/\/welovecities.org\/#\/schema\/logo\/image\/"},"sameAs":["https:\/\/www.facebook.com\/WeLoveCities","https:\/\/x.com\/WWFCities"]}]}},"_links":{"self":[{"href":"https:\/\/welovecities.org\/es\/wp-json\/wp\/v2\/pages\/6759","targetHints":{"allow":["GET"]}}],"collection":[{"href":"https:\/\/welovecities.org\/es\/wp-json\/wp\/v2\/pages"}],"about":[{"href":"https:\/\/welovecities.org\/es\/wp-json\/wp\/v2\/types\/page"}],"author":[{"embeddable":true,"href":"https:\/\/welovecities.org\/es\/wp-json\/wp\/v2\/users\/1"}],"replies":[{"embeddable":true,"href":"https:\/\/welovecities.org\/es\/wp-json\/wp\/v2\/comments?post=6759"}],"version-history":[{"count":1,"href":"https:\/\/welovecities.org\/es\/wp-json\/wp\/v2\/pages\/6759\/revisions"}],"predecessor-version":[{"id":6760,"href":"https:\/\/welovecities.org\/es\/wp-json\/wp\/v2\/pages\/6759\/revisions\/6760"}],"wp:attachment":[{"href":"https:\/\/welovecities.org\/es\/wp-json\/wp\/v2\/media?parent=6759"}],"curies":[{"name":"wp","href":"https:\/\/api.w.org\/{rel}","templated":true}]}}